{"id":2827,"date":"2023-10-29T19:38:25","date_gmt":"2023-10-29T19:38:25","guid":{"rendered":"https:\/\/www.malekigmbh.com\/contact-us\/"},"modified":"2023-12-20T12:55:45","modified_gmt":"2023-12-20T12:55:45","slug":"contact-us","status":"publish","type":"page","link":"https:\/\/www.malekigmbh.com\/en\/contact-us\/","title":{"rendered":"Contact us"},"content":{"rendered":"\t\t<div data-elementor-type=\"wp-page\" data-elementor-id=\"2827\" class=\"elementor elementor-2827 elementor-1160\" data-elementor-post-type=\"page\">\n\t\t\t\t<div class=\"elementor-element elementor-element-34692a20 e-con-full e-flex wpr-particle-no wpr-jarallax-no wpr-parallax-no wpr-sticky-section-no e-con e-parent\" data-id=\"34692a20\" data-element_type=\"container\" data-settings=\"{&quot;background_background&quot;:&quot;classic&quot;}\">\n\t\t\t\t<div class=\"elementor-element elementor-element-3bfa6a7 elementor-invisible elementor-widget elementor-widget-heading\" data-id=\"3bfa6a7\" data-element_type=\"widget\" data-settings=\"{&quot;_animation&quot;:&quot;zoomIn&quot;}\" data-widget_type=\"heading.default\">\n\t\t\t\t<div class=\"elementor-widget-container\">\n\t\t\t<style>\/*! elementor - v3.23.0 - 05-08-2024 *\/\n.elementor-heading-title{padding:0;margin:0;line-height:1}.elementor-widget-heading .elementor-heading-title[class*=elementor-size-]>a{color:inherit;font-size:inherit;line-height:inherit}.elementor-widget-heading .elementor-heading-title.elementor-size-small{font-size:15px}.elementor-widget-heading .elementor-heading-title.elementor-size-medium{font-size:19px}.elementor-widget-heading .elementor-heading-title.elementor-size-large{font-size:29px}.elementor-widget-heading .elementor-heading-title.elementor-size-xl{font-size:39px}.elementor-widget-heading .elementor-heading-title.elementor-size-xxl{font-size:59px}<\/style><h1 class=\"elementor-heading-title elementor-size-default\">Contact us<\/h1>\t\t<\/div>\n\t\t\t\t<\/div>\n\t\t\t\t<\/div>\n\t\t\t\t<section class=\"elementor-section elementor-inner-section elementor-element elementor-element-6f820439 elementor-section-boxed elementor-section-height-default elementor-section-height-default wpr-particle-no wpr-jarallax-no wpr-parallax-no wpr-sticky-section-no\" data-id=\"6f820439\" data-element_type=\"section\" data-settings=\"{&quot;background_background&quot;:&quot;classic&quot;}\">\n\t\t\t\t\t\t\t<div class=\"elementor-background-overlay\"><\/div>\n\t\t\t\t\t\t\t<div class=\"elementor-container elementor-column-gap-default\">\n\t\t\t\t\t<div class=\"elementor-column elementor-col-50 elementor-inner-column elementor-element elementor-element-3b79cc5\" data-id=\"3b79cc5\" data-element_type=\"column\" data-settings=\"{&quot;background_background&quot;:&quot;classic&quot;}\">\n\t\t\t<div class=\"elementor-widget-wrap elementor-element-populated\">\n\t\t\t\t\t\t<div class=\"elementor-element elementor-element-9cc2f92 elementor-widget elementor-widget-heading\" data-id=\"9cc2f92\" data-element_type=\"widget\" data-widget_type=\"heading.default\">\n\t\t\t\t<div class=\"elementor-widget-container\">\n\t\t\t<h4 class=\"elementor-heading-title elementor-size-default\">Maleki GmbH<\/h4>\t\t<\/div>\n\t\t\t\t<\/div>\n\t\t\t\t<div class=\"elementor-element elementor-element-f220345 elementor-widget elementor-widget-text-editor\" data-id=\"f220345\" data-element_type=\"widget\" data-widget_type=\"text-editor.default\">\n\t\t\t\t<div class=\"elementor-widget-container\">\n\t\t\t<style>\/*! elementor - v3.23.0 - 05-08-2024 *\/\n.elementor-widget-text-editor.elementor-drop-cap-view-stacked .elementor-drop-cap{background-color:#69727d;color:#fff}.elementor-widget-text-editor.elementor-drop-cap-view-framed .elementor-drop-cap{color:#69727d;border:3px solid;background-color:transparent}.elementor-widget-text-editor:not(.elementor-drop-cap-view-default) .elementor-drop-cap{margin-top:8px}.elementor-widget-text-editor:not(.elementor-drop-cap-view-default) .elementor-drop-cap-letter{width:1em;height:1em}.elementor-widget-text-editor .elementor-drop-cap{float:left;text-align:center;line-height:1;font-size:50px}.elementor-widget-text-editor .elementor-drop-cap-letter{display:inline-block}<\/style>\t\t\t\t<p>Carl-Stolcke-Str. 1<br \/>49090 Osnabr\u00fcck<\/p><p>Phone: +49 (0) 541 2024 799-0<br \/>Fax: +49 (0) 541 2024 799-9<br \/>E-mail: <a href=\"mailto:info@malekigmbh.com\">info@malekigmbh.com<\/a><\/p><p><strong>Technical consulting and sales:<\/strong><br \/>Phone: +49 (0) 541 2024 799-39<br \/>Fax: +49 (0) 541 2024 799-9<br \/>E-mail: <a href=\"mailto:vertrieb@malekigmbh.com\">vertrieb@malekigmbh.com<\/a><\/p><p><strong>Customer service<\/strong><br \/>Phone: +49 (0) 541 2024 799-2<br \/>Fax: +49 (0) 541 2024 799-9<br \/>E-mail: <a href=\"mailto:order@malekigmbh.com\">order@malekigmbh.com<\/a><\/p><p><strong>Opening hours:<\/strong><br \/>Mon &#8211; Thu: 7 am &#8211; 4 pm<br \/>Fri:\u00a0\u00a0\u00a0\u00a0\u00a0\u00a0\u00a0\u00a0\u00a0\u00a0\u00a0\u00a0\u00a0\u00a0 7 am &#8211; 2 pm<br \/>Sat &#8211; Sun:\u00a0\u00a0\u00a0 Closed<\/p><p><strong>Delivery times:<\/strong><br \/>Mon &#8211; Thu: 8 am &#8211; 3 pm<br \/>Fri:\u00a0\u00a0\u00a0\u00a0\u00a0\u00a0\u00a0\u00a0\u00a0\u00a0\u00a0\u00a0\u00a0\u00a0 8 am &#8211; 1 pm<br \/>Sat &#8211; Sun:\u00a0\u00a0 Closed<\/p>\t\t\t\t\t\t<\/div>\n\t\t\t\t<\/div>\n\t\t\t\t\t<\/div>\n\t\t<\/div>\n\t\t\t\t<div class=\"elementor-column elementor-col-50 elementor-inner-column elementor-element elementor-element-154b16b7\" data-id=\"154b16b7\" data-element_type=\"column\" data-settings=\"{&quot;background_background&quot;:&quot;classic&quot;}\">\n\t\t\t<div class=\"elementor-widget-wrap elementor-element-populated\">\n\t\t\t\t\t\t<div class=\"elementor-element elementor-element-7dd0f89 elementor-widget elementor-widget-heading\" data-id=\"7dd0f89\" data-element_type=\"widget\" data-widget_type=\"heading.default\">\n\t\t\t\t<div class=\"elementor-widget-container\">\n\t\t\t<h4 class=\"elementor-heading-title elementor-size-default\">Directions<\/h4>\t\t<\/div>\n\t\t\t\t<\/div>\n\t\t\t\t<div class=\"elementor-element elementor-element-bdd8f52 elementor-widget elementor-widget-toggle\" data-id=\"bdd8f52\" data-element_type=\"widget\" data-widget_type=\"toggle.default\">\n\t\t\t\t<div class=\"elementor-widget-container\">\n\t\t\t<style>\/*! elementor - v3.23.0 - 05-08-2024 *\/\n.elementor-toggle{text-align:start}.elementor-toggle .elementor-tab-title{font-weight:700;line-height:1;margin:0;padding:15px;border-bottom:1px solid #d5d8dc;cursor:pointer;outline:none}.elementor-toggle .elementor-tab-title .elementor-toggle-icon{display:inline-block;width:1em}.elementor-toggle .elementor-tab-title .elementor-toggle-icon svg{margin-inline-start:-5px;width:1em;height:1em}.elementor-toggle .elementor-tab-title .elementor-toggle-icon.elementor-toggle-icon-right{float:right;text-align:right}.elementor-toggle .elementor-tab-title .elementor-toggle-icon.elementor-toggle-icon-left{float:left;text-align:left}.elementor-toggle .elementor-tab-title .elementor-toggle-icon .elementor-toggle-icon-closed{display:block}.elementor-toggle .elementor-tab-title .elementor-toggle-icon .elementor-toggle-icon-opened{display:none}.elementor-toggle .elementor-tab-title.elementor-active{border-bottom:none}.elementor-toggle .elementor-tab-title.elementor-active .elementor-toggle-icon-closed{display:none}.elementor-toggle .elementor-tab-title.elementor-active .elementor-toggle-icon-opened{display:block}.elementor-toggle .elementor-tab-content{padding:15px;border-bottom:1px solid #d5d8dc;display:none}@media (max-width:767px){.elementor-toggle .elementor-tab-title{padding:12px}.elementor-toggle .elementor-tab-content{padding:12px 10px}}.e-con-inner>.elementor-widget-toggle,.e-con>.elementor-widget-toggle{width:var(--container-widget-width);--flex-grow:var(--container-widget-flex-grow)}<\/style>\t\t<div class=\"elementor-toggle\">\n\t\t\t\t\t\t\t<div class=\"elementor-toggle-item\">\n\t\t\t\t\t<div id=\"elementor-tab-title-1991\" class=\"elementor-tab-title\" data-tab=\"1\" role=\"button\" aria-controls=\"elementor-tab-content-1991\" aria-expanded=\"false\">\n\t\t\t\t\t\t\t\t\t\t\t\t<span class=\"elementor-toggle-icon elementor-toggle-icon-left\" aria-hidden=\"true\">\n\t\t\t\t\t\t\t\t\t\t\t\t\t\t\t<span class=\"elementor-toggle-icon-closed\"><svg class=\"e-font-icon-svg e-fas-caret-right\" viewBox=\"0 0 192 512\" xmlns=\"http:\/\/www.w3.org\/2000\/svg\"><path d=\"M0 384.662V127.338c0-17.818 21.543-26.741 34.142-14.142l128.662 128.662c7.81 7.81 7.81 20.474 0 28.284L34.142 398.804C21.543 411.404 0 402.48 0 384.662z\"><\/path><\/svg><\/span>\n\t\t\t\t\t\t\t\t<span class=\"elementor-toggle-icon-opened\"><svg class=\"elementor-toggle-icon-opened e-font-icon-svg e-fas-caret-up\" viewBox=\"0 0 320 512\" xmlns=\"http:\/\/www.w3.org\/2000\/svg\"><path d=\"M288.662 352H31.338c-17.818 0-26.741-21.543-14.142-34.142l128.662-128.662c7.81-7.81 20.474-7.81 28.284 0l128.662 128.662c12.6 12.599 3.676 34.142-14.142 34.142z\"><\/path><\/svg><\/span>\n\t\t\t\t\t\t\t\t\t\t\t\t\t<\/span>\n\t\t\t\t\t\t\t\t\t\t\t\t<a class=\"elementor-toggle-title\" tabindex=\"0\">Highway A1 (North)<\/a>\n\t\t\t\t\t<\/div>\n\n\t\t\t\t\t<div id=\"elementor-tab-content-1991\" class=\"elementor-tab-content elementor-clearfix\" data-tab=\"1\" role=\"region\" aria-labelledby=\"elementor-tab-title-1991\"><p>Maleki GmbH is located approx. 10 min. from the highway A1, in the Eversburg industrial estate.<\/p><p>Take exit no. 70 (Osnabr\u00fcck-Nord) and follow the federal road B68 in the direction of Osnabr\u00fcck. After approx. 5 km, turn right at the first set of traffic lights onto F\u00fcrstenauer Weg. After 600m turn left into Br\u00fcckenstra\u00dfe. At the 2nd set of traffic lights, turn right into Kl\u00f6cknerstra\u00dfe and then after 1.2 km turn right into Carl-Stolcke-Stra\u00dfe.<\/p><p>Our company premises are on the left-hand side.<\/p><\/div>\n\t\t\t\t<\/div>\n\t\t\t\t\t\t\t<div class=\"elementor-toggle-item\">\n\t\t\t\t\t<div id=\"elementor-tab-title-1992\" class=\"elementor-tab-title\" data-tab=\"2\" role=\"button\" aria-controls=\"elementor-tab-content-1992\" aria-expanded=\"false\">\n\t\t\t\t\t\t\t\t\t\t\t\t<span class=\"elementor-toggle-icon elementor-toggle-icon-left\" aria-hidden=\"true\">\n\t\t\t\t\t\t\t\t\t\t\t\t\t\t\t<span class=\"elementor-toggle-icon-closed\"><svg class=\"e-font-icon-svg e-fas-caret-right\" viewBox=\"0 0 192 512\" xmlns=\"http:\/\/www.w3.org\/2000\/svg\"><path d=\"M0 384.662V127.338c0-17.818 21.543-26.741 34.142-14.142l128.662 128.662c7.81 7.81 7.81 20.474 0 28.284L34.142 398.804C21.543 411.404 0 402.48 0 384.662z\"><\/path><\/svg><\/span>\n\t\t\t\t\t\t\t\t<span class=\"elementor-toggle-icon-opened\"><svg class=\"elementor-toggle-icon-opened e-font-icon-svg e-fas-caret-up\" viewBox=\"0 0 320 512\" xmlns=\"http:\/\/www.w3.org\/2000\/svg\"><path d=\"M288.662 352H31.338c-17.818 0-26.741-21.543-14.142-34.142l128.662-128.662c7.81-7.81 20.474-7.81 28.284 0l128.662 128.662c12.6 12.599 3.676 34.142-14.142 34.142z\"><\/path><\/svg><\/span>\n\t\t\t\t\t\t\t\t\t\t\t\t\t<\/span>\n\t\t\t\t\t\t\t\t\t\t\t\t<a class=\"elementor-toggle-title\" tabindex=\"0\">Highway A1 (south)<\/a>\n\t\t\t\t\t<\/div>\n\n\t\t\t\t\t<div id=\"elementor-tab-content-1992\" class=\"elementor-tab-content elementor-clearfix\" data-tab=\"2\" role=\"region\" aria-labelledby=\"elementor-tab-title-1992\"><p>Leave the highway A1 at exit no. 71 (Osnabr\u00fcck-Hafen). Turn left onto the L88 in the direction of Osnabr\u00fcck. After approx. 5 km, turn left at the traffic lights onto Kl\u00f6cknerstra\u00dfe. After 1.2 km, turn right into Carl-Stolce-Stra\u00dfe.<\/p>\n<p>Our company premises are on the left-hand side.<\/p>\n<\/div>\n\t\t\t\t<\/div>\n\t\t\t\t\t\t\t<div class=\"elementor-toggle-item\">\n\t\t\t\t\t<div id=\"elementor-tab-title-1993\" class=\"elementor-tab-title\" data-tab=\"3\" role=\"button\" aria-controls=\"elementor-tab-content-1993\" aria-expanded=\"false\">\n\t\t\t\t\t\t\t\t\t\t\t\t<span class=\"elementor-toggle-icon elementor-toggle-icon-left\" aria-hidden=\"true\">\n\t\t\t\t\t\t\t\t\t\t\t\t\t\t\t<span class=\"elementor-toggle-icon-closed\"><svg class=\"e-font-icon-svg e-fas-caret-right\" viewBox=\"0 0 192 512\" xmlns=\"http:\/\/www.w3.org\/2000\/svg\"><path d=\"M0 384.662V127.338c0-17.818 21.543-26.741 34.142-14.142l128.662 128.662c7.81 7.81 7.81 20.474 0 28.284L34.142 398.804C21.543 411.404 0 402.48 0 384.662z\"><\/path><\/svg><\/span>\n\t\t\t\t\t\t\t\t<span class=\"elementor-toggle-icon-opened\"><svg class=\"elementor-toggle-icon-opened e-font-icon-svg e-fas-caret-up\" viewBox=\"0 0 320 512\" xmlns=\"http:\/\/www.w3.org\/2000\/svg\"><path d=\"M288.662 352H31.338c-17.818 0-26.741-21.543-14.142-34.142l128.662-128.662c7.81-7.81 20.474-7.81 28.284 0l128.662 128.662c12.6 12.599 3.676 34.142-14.142 34.142z\"><\/path><\/svg><\/span>\n\t\t\t\t\t\t\t\t\t\t\t\t\t<\/span>\n\t\t\t\t\t\t\t\t\t\t\t\t<a class=\"elementor-toggle-title\" tabindex=\"0\">Highway A30<\/a>\n\t\t\t\t\t<\/div>\n\n\t\t\t\t\t<div id=\"elementor-tab-content-1993\" class=\"elementor-tab-content elementor-clearfix\" data-tab=\"3\" role=\"region\" aria-labelledby=\"elementor-tab-title-1993\"><p>Take exit no. 14 (Kreuz Lotte\/Osnabr\u00fcck) and drive in the direction of Osnabr\u00fcck\/Bremen on the highway A1. Leave the highway at exit no. 71 (Osnabr\u00fcck-Hafen).<\/p>\n<p>From exit no. 71, please follow the above directions for the highway A1 (south).<\/p>\n<\/div>\n\t\t\t\t<\/div>\n\t\t\t\t\t\t\t\t<\/div>\n\t\t\t\t<\/div>\n\t\t\t\t<\/div>\n\t\t\t\t<div class=\"elementor-element elementor-element-bc9e38b elementor-widget elementor-widget-google_maps\" data-id=\"bc9e38b\" data-element_type=\"widget\" data-widget_type=\"google_maps.default\">\n\t\t\t\t<div class=\"elementor-widget-container\">\n\t\t\t<style>\/*! elementor - v3.23.0 - 05-08-2024 *\/\n.elementor-widget-google_maps .elementor-widget-container{overflow:hidden}.elementor-widget-google_maps .elementor-custom-embed{line-height:0}.elementor-widget-google_maps iframe{height:300px}<\/style>\t\t<div class=\"elementor-custom-embed\">\n\t\t\t<iframe loading=\"lazy\"\n\t\t\t\t\tsrc=\"https:\/\/maps.google.com\/maps?q=Carl-Stolcke-Str.%201%2C%2049090%20Osnabr%C3%BCck%2C%20Deutschland&#038;t=m&#038;z=15&#038;output=embed&#038;iwloc=near\"\n\t\t\t\t\ttitle=\"Carl-Stolcke-Str. 1, 49090 Osnabr\u00fcck, Deutschland\"\n\t\t\t\t\taria-label=\"Carl-Stolcke-Str. 1, 49090 Osnabr\u00fcck, Deutschland\"\n\t\t\t><\/iframe>\n\t\t<\/div>\n\t\t\t\t<\/div>\n\t\t\t\t<\/div>\n\t\t\t\t\t<\/div>\n\t\t<\/div>\n\t\t\t\t\t<\/div>\n\t\t<\/section>\n\t\t<div class=\"elementor-element elementor-element-4d8742d6 e-flex e-con-boxed wpr-particle-no wpr-jarallax-no wpr-parallax-no wpr-sticky-section-no e-con e-parent\" data-id=\"4d8742d6\" data-element_type=\"container\" data-settings=\"{&quot;background_background&quot;:&quot;classic&quot;}\">\n\t\t\t\t\t<div class=\"e-con-inner\">\n\t\t\t\t<div class=\"elementor-element elementor-element-6b02e6a elementor-widget elementor-widget-heading\" data-id=\"6b02e6a\" data-element_type=\"widget\" data-widget_type=\"heading.default\">\n\t\t\t\t<div class=\"elementor-widget-container\">\n\t\t\t<h3 class=\"elementor-heading-title elementor-size-default\">We look forward to your visit!<\/h3>\t\t<\/div>\n\t\t\t\t<\/div>\n\t\t\t\t\t<\/div>\n\t\t\t\t<\/div>\n\t\t\t\t<\/div>\n\t\t","protected":false},"excerpt":{"rendered":"<p>Contact us Maleki GmbH Carl-Stolcke-Str. 149090 Osnabr\u00fcck Phone: +49 (0) 541 2024 799-0Fax: +49 (0) 541 2024 799-9E-mail: info@malekigmbh.com Technical consulting and sales:Phone: +49 (0) 541 2024 799-39Fax: +49 (0) 541 2024 799-9E-mail: vertrieb@malekigmbh.com Customer servicePhone: +49 (0) 541 2024 799-2Fax: +49 (0) 541 2024 799-9E-mail: order@malekigmbh.com Opening hours:Mon &#8211; Thu: 7 am &#8211; 4<\/p>\n","protected":false},"author":1,"featured_media":0,"parent":0,"menu_order":0,"comment_status":"closed","ping_status":"closed","template":"","meta":{"site-sidebar-layout":"no-sidebar","site-content-layout":"","ast-site-content-layout":"full-width-container","site-content-style":"default","site-sidebar-style":"default","ast-global-header-display":"","ast-banner-title-visibility":"","ast-main-header-display":"","ast-hfb-above-header-display":"","ast-hfb-below-header-display":"","ast-hfb-mobile-header-display":"","site-post-title":"disabled","ast-breadcrumbs-content":"","ast-featured-img":"disabled","footer-sml-layout":"","theme-transparent-header-meta":"","adv-header-id-meta":"","stick-header-meta":"","header-above-stick-meta":"","header-main-stick-meta":"","header-below-stick-meta":"","astra-migrate-meta-layouts":"default","ast-page-background-enabled":"default","ast-page-background-meta":{"desktop":{"background-color":"var(--ast-global-color-4)","background-image":"","background-repeat":"repeat","background-position":"center center","background-size":"auto","background-attachment":"scroll","background-type":"","background-media":"","overlay-type":"","overlay-color":"","overlay-opacity":"","overlay-gradient":""},"tablet":{"background-color":"","background-image":"","background-repeat":"repeat","background-position":"center center","background-size":"auto","background-attachment":"scroll","background-type":"","background-media":"","overlay-type":"","overlay-color":"","overlay-opacity":"","overlay-gradient":""},"mobile":{"background-color":"","background-image":"","background-repeat":"repeat","background-position":"center center","background-size":"auto","background-attachment":"scroll","background-type":"","background-media":"","overlay-type":"","overlay-color":"","overlay-opacity":"","overlay-gradient":""}},"ast-content-background-meta":{"desktop":{"background-color":"var(--ast-global-color-5)","background-image":"","background-repeat":"repeat","background-position":"center center","background-size":"auto","background-attachment":"scroll","background-type":"","background-media":"","overlay-type":"","overlay-color":"","overlay-opacity":"","overlay-gradient":""},"tablet":{"background-color":"var(--ast-global-color-5)","background-image":"","background-repeat":"repeat","background-position":"center center","background-size":"auto","background-attachment":"scroll","background-type":"","background-media":"","overlay-type":"","overlay-color":"","overlay-opacity":"","overlay-gradient":""},"mobile":{"background-color":"var(--ast-global-color-5)","background-image":"","background-repeat":"repeat","background-position":"center center","background-size":"auto","background-attachment":"scroll","background-type":"","background-media":"","overlay-type":"","overlay-color":"","overlay-opacity":"","overlay-gradient":""}},"footnotes":""},"class_list":["post-2827","page","type-page","status-publish","hentry"],"yoast_head":"<!-- This site is optimized with the Yoast SEO plugin v25.6 - https:\/\/yoast.com\/wordpress\/plugins\/seo\/ -->\n<title>Contact us - Maleki GmbH<\/title>\n<meta name=\"description\" content=\"We are available to answer your questions: Phone: +49 (0) 541 2024 799-0, Fax: +49 (0) 541 2024 799-9, E-mail: info@malekigmbh.com\" \/>\n<meta name=\"robots\" content=\"index, follow, max-snippet:-1, max-image-preview:large, max-video-preview:-1\" \/>\n<link rel=\"canonical\" href=\"https:\/\/www.malekigmbh.com\/en\/contact-us\/\" \/>\n<meta property=\"og:locale\" content=\"en_US\" \/>\n<meta property=\"og:type\" content=\"article\" \/>\n<meta property=\"og:title\" content=\"Contact us - Maleki GmbH\" \/>\n<meta property=\"og:description\" content=\"We are available to answer your questions: Phone: +49 (0) 541 2024 799-0, Fax: +49 (0) 541 2024 799-9, E-mail: info@malekigmbh.com\" \/>\n<meta property=\"og:url\" content=\"https:\/\/www.malekigmbh.com\/en\/contact-us\/\" \/>\n<meta property=\"og:site_name\" content=\"Maleki GmbH\" \/>\n<meta property=\"article:publisher\" content=\"https:\/\/www.facebook.com\/people\/Maleki-GmbH\/100077696741297\/\" \/>\n<meta property=\"article:modified_time\" content=\"2023-12-20T12:55:45+00:00\" \/>\n<meta property=\"og:image\" content=\"https:\/\/www.malekigmbh.com\/wp-content\/uploads\/2023\/11\/Logo_Vektor_transparent-500x227-1.png\" \/>\n\t<meta property=\"og:image:width\" content=\"500\" \/>\n\t<meta property=\"og:image:height\" content=\"227\" \/>\n\t<meta property=\"og:image:type\" content=\"image\/png\" \/>\n<meta name=\"twitter:card\" content=\"summary_large_image\" \/>\n<meta name=\"twitter:label1\" content=\"Est. reading time\" \/>\n\t<meta name=\"twitter:data1\" content=\"2 minutes\" \/>\n<script type=\"application\/ld+json\" class=\"yoast-schema-graph\">{\"@context\":\"https:\/\/schema.org\",\"@graph\":[{\"@type\":\"WebPage\",\"@id\":\"https:\/\/www.malekigmbh.com\/en\/contact-us\/\",\"url\":\"https:\/\/www.malekigmbh.com\/en\/contact-us\/\",\"name\":\"Contact us - Maleki GmbH\",\"isPartOf\":{\"@id\":\"https:\/\/www.malekigmbh.com\/#website\"},\"datePublished\":\"2023-10-29T19:38:25+00:00\",\"dateModified\":\"2023-12-20T12:55:45+00:00\",\"description\":\"We are available to answer your questions: Phone: +49 (0) 541 2024 799-0, Fax: +49 (0) 541 2024 799-9, E-mail: info@malekigmbh.com\",\"breadcrumb\":{\"@id\":\"https:\/\/www.malekigmbh.com\/en\/contact-us\/#breadcrumb\"},\"inLanguage\":\"en-US\",\"potentialAction\":[{\"@type\":\"ReadAction\",\"target\":[\"https:\/\/www.malekigmbh.com\/en\/contact-us\/\"]}]},{\"@type\":\"BreadcrumbList\",\"@id\":\"https:\/\/www.malekigmbh.com\/en\/contact-us\/#breadcrumb\",\"itemListElement\":[{\"@type\":\"ListItem\",\"position\":1,\"name\":\"Startseite\",\"item\":\"https:\/\/www.malekigmbh.com\/startseite\/\"},{\"@type\":\"ListItem\",\"position\":2,\"name\":\"Contact us\"}]},{\"@type\":\"WebSite\",\"@id\":\"https:\/\/www.malekigmbh.com\/#website\",\"url\":\"https:\/\/www.malekigmbh.com\/\",\"name\":\"Maleki GmbH - Green Building Products\",\"description\":\"Innovative L\u00f6sungen f\u00fcr nachhaltiges Bauen\",\"publisher\":{\"@id\":\"https:\/\/www.malekigmbh.com\/#organization\"},\"potentialAction\":[{\"@type\":\"SearchAction\",\"target\":{\"@type\":\"EntryPoint\",\"urlTemplate\":\"https:\/\/www.malekigmbh.com\/?s={search_term_string}\"},\"query-input\":{\"@type\":\"PropertyValueSpecification\",\"valueRequired\":true,\"valueName\":\"search_term_string\"}}],\"inLanguage\":\"en-US\"},{\"@type\":\"Organization\",\"@id\":\"https:\/\/www.malekigmbh.com\/#organization\",\"name\":\"Maleki GmbH - Innovative L\u00f6sungen f\u00fcr nachhaltiges Bauen\",\"url\":\"https:\/\/www.malekigmbh.com\/\",\"logo\":{\"@type\":\"ImageObject\",\"inLanguage\":\"en-US\",\"@id\":\"https:\/\/www.malekigmbh.com\/#\/schema\/logo\/image\/\",\"url\":\"https:\/\/www.malekigmbh.com\/wp-content\/uploads\/2023\/11\/Logo_Maleki_500x500.jpg\",\"contentUrl\":\"https:\/\/www.malekigmbh.com\/wp-content\/uploads\/2023\/11\/Logo_Maleki_500x500.jpg\",\"width\":500,\"height\":500,\"caption\":\"Maleki GmbH - Innovative L\u00f6sungen f\u00fcr nachhaltiges Bauen\"},\"image\":{\"@id\":\"https:\/\/www.malekigmbh.com\/#\/schema\/logo\/image\/\"},\"sameAs\":[\"https:\/\/www.facebook.com\/people\/Maleki-GmbH\/100077696741297\/\",\"https:\/\/www.youtube.com\/channel\/UC4CqGErlvnQqg6G6r1kEbyg\",\"https:\/\/www.linkedin.com\/company\/maleki-gmbh?trk=company_logo\",\"https:\/\/www.xing.com\/pages\/malekigmbh\"]}]}<\/script>\n<!-- \/ Yoast SEO plugin. -->","yoast_head_json":{"title":"Contact us - Maleki GmbH","description":"We are available to answer your questions: Phone: +49 (0) 541 2024 799-0, Fax: +49 (0) 541 2024 799-9, E-mail: info@malekigmbh.com","robots":{"index":"index","follow":"follow","max-snippet":"max-snippet:-1","max-image-preview":"max-image-preview:large","max-video-preview":"max-video-preview:-1"},"canonical":"https:\/\/www.malekigmbh.com\/en\/contact-us\/","og_locale":"en_US","og_type":"article","og_title":"Contact us - Maleki GmbH","og_description":"We are available to answer your questions: Phone: +49 (0) 541 2024 799-0, Fax: +49 (0) 541 2024 799-9, E-mail: info@malekigmbh.com","og_url":"https:\/\/www.malekigmbh.com\/en\/contact-us\/","og_site_name":"Maleki GmbH","article_publisher":"https:\/\/www.facebook.com\/people\/Maleki-GmbH\/100077696741297\/","article_modified_time":"2023-12-20T12:55:45+00:00","og_image":[{"width":500,"height":227,"url":"https:\/\/www.malekigmbh.com\/wp-content\/uploads\/2023\/11\/Logo_Vektor_transparent-500x227-1.png","type":"image\/png"}],"twitter_card":"summary_large_image","twitter_misc":{"Est. reading time":"2 minutes"},"schema":{"@context":"https:\/\/schema.org","@graph":[{"@type":"WebPage","@id":"https:\/\/www.malekigmbh.com\/en\/contact-us\/","url":"https:\/\/www.malekigmbh.com\/en\/contact-us\/","name":"Contact us - Maleki GmbH","isPartOf":{"@id":"https:\/\/www.malekigmbh.com\/#website"},"datePublished":"2023-10-29T19:38:25+00:00","dateModified":"2023-12-20T12:55:45+00:00","description":"We are available to answer your questions: Phone: +49 (0) 541 2024 799-0, Fax: +49 (0) 541 2024 799-9, E-mail: info@malekigmbh.com","breadcrumb":{"@id":"https:\/\/www.malekigmbh.com\/en\/contact-us\/#breadcrumb"},"inLanguage":"en-US","potentialAction":[{"@type":"ReadAction","target":["https:\/\/www.malekigmbh.com\/en\/contact-us\/"]}]},{"@type":"BreadcrumbList","@id":"https:\/\/www.malekigmbh.com\/en\/contact-us\/#breadcrumb","itemListElement":[{"@type":"ListItem","position":1,"name":"Startseite","item":"https:\/\/www.malekigmbh.com\/startseite\/"},{"@type":"ListItem","position":2,"name":"Contact us"}]},{"@type":"WebSite","@id":"https:\/\/www.malekigmbh.com\/#website","url":"https:\/\/www.malekigmbh.com\/","name":"Maleki GmbH - Green Building Products","description":"Innovative L\u00f6sungen f\u00fcr nachhaltiges Bauen","publisher":{"@id":"https:\/\/www.malekigmbh.com\/#organization"},"potentialAction":[{"@type":"SearchAction","target":{"@type":"EntryPoint","urlTemplate":"https:\/\/www.malekigmbh.com\/?s={search_term_string}"},"query-input":{"@type":"PropertyValueSpecification","valueRequired":true,"valueName":"search_term_string"}}],"inLanguage":"en-US"},{"@type":"Organization","@id":"https:\/\/www.malekigmbh.com\/#organization","name":"Maleki GmbH - Innovative L\u00f6sungen f\u00fcr nachhaltiges Bauen","url":"https:\/\/www.malekigmbh.com\/","logo":{"@type":"ImageObject","inLanguage":"en-US","@id":"https:\/\/www.malekigmbh.com\/#\/schema\/logo\/image\/","url":"https:\/\/www.malekigmbh.com\/wp-content\/uploads\/2023\/11\/Logo_Maleki_500x500.jpg","contentUrl":"https:\/\/www.malekigmbh.com\/wp-content\/uploads\/2023\/11\/Logo_Maleki_500x500.jpg","width":500,"height":500,"caption":"Maleki GmbH - Innovative L\u00f6sungen f\u00fcr nachhaltiges Bauen"},"image":{"@id":"https:\/\/www.malekigmbh.com\/#\/schema\/logo\/image\/"},"sameAs":["https:\/\/www.facebook.com\/people\/Maleki-GmbH\/100077696741297\/","https:\/\/www.youtube.com\/channel\/UC4CqGErlvnQqg6G6r1kEbyg","https:\/\/www.linkedin.com\/company\/maleki-gmbh?trk=company_logo","https:\/\/www.xing.com\/pages\/malekigmbh"]}]}},"_links":{"self":[{"href":"https:\/\/www.malekigmbh.com\/en\/wp-json\/wp\/v2\/pages\/2827"}],"collection":[{"href":"https:\/\/www.malekigmbh.com\/en\/wp-json\/wp\/v2\/pages"}],"about":[{"href":"https:\/\/www.malekigmbh.com\/en\/wp-json\/wp\/v2\/types\/page"}],"author":[{"embeddable":true,"href":"https:\/\/www.malekigmbh.com\/en\/wp-json\/wp\/v2\/users\/1"}],"replies":[{"embeddable":true,"href":"https:\/\/www.malekigmbh.com\/en\/wp-json\/wp\/v2\/comments?post=2827"}],"version-history":[{"count":0,"href":"https:\/\/www.malekigmbh.com\/en\/wp-json\/wp\/v2\/pages\/2827\/revisions"}],"wp:attachment":[{"href":"https:\/\/www.malekigmbh.com\/en\/wp-json\/wp\/v2\/media?parent=2827"}],"curies":[{"name":"wp","href":"https:\/\/api.w.org\/{rel}","templated":true}]}}